{"id":27428,"date":"2025-10-29T12:10:41","date_gmt":"2025-10-29T11:10:41","guid":{"rendered":"https:\/\/zeissig.de\/kontakt\/"},"modified":"2025-11-19T09:11:20","modified_gmt":"2025-11-19T08:11:20","slug":"contact","status":"publish","type":"page","link":"https:\/\/zeissig.de\/en\/contact\/","title":{"rendered":"Contact"},"content":{"rendered":"\n<div id=\"block_a2f87ebc03082dd0e2255428a514d8a3\" class=\"block-pageintro\">\n\n\t\n\t\t<div class=\"block-pageintro__img-container\">\n\n\t\t\t<figure class=\"block-pageintro__img\">\n\n\t\t\t\t<img loading=\"lazy\" decoding=\"async\" width=\"5272\" height=\"2109\" src=\"https:\/\/zeissig.de\/wp-content\/uploads\/2025\/11\/DJI_0166-Bearbeitet_NEU-aspect-ratio-5-2.jpg\" class=\"attachment-full size-full\" alt=\"\" srcset=\"https:\/\/zeissig.de\/wp-content\/uploads\/2025\/11\/DJI_0166-Bearbeitet_NEU-aspect-ratio-5-2.jpg 5272w, https:\/\/zeissig.de\/wp-content\/uploads\/2025\/11\/DJI_0166-Bearbeitet_NEU-aspect-ratio-5-2-1376x550.jpg 1376w, https:\/\/zeissig.de\/wp-content\/uploads\/2025\/11\/DJI_0166-Bearbeitet_NEU-aspect-ratio-5-2-768x307.jpg 768w, https:\/\/zeissig.de\/wp-content\/uploads\/2025\/11\/DJI_0166-Bearbeitet_NEU-aspect-ratio-5-2-1536x614.jpg 1536w, https:\/\/zeissig.de\/wp-content\/uploads\/2025\/11\/DJI_0166-Bearbeitet_NEU-aspect-ratio-5-2-2048x819.jpg 2048w, https:\/\/zeissig.de\/wp-content\/uploads\/2025\/11\/DJI_0166-Bearbeitet_NEU-aspect-ratio-5-2-675x270.jpg 675w\" sizes=\"auto, (max-width: 5272px) 100vw, 5272px\" \/>\n\t\t\t<\/figure>\n\n\t\t\t\n\t\t\t\t<div class=\"block-pageintro__title-container\">\n\n\t\t\t\t\t<h1 class=\"block-pageintro__title\">Get in Touch with Us<\/h1>\n\n\t\t\t\t<\/div>\n\n\t\t\t\n\t\t<\/div>\n\n\t\n\t\n\t\n\t\t<div class=\"block-pageintro__text\">\n\n\t\t\t<p>Would you like to realize a project with us or find out more about our services?<\/p>\n<p>We are happy to assist you: in person, by phone or by email.<\/p>\n<h3 style=\"text-align: center;\">How to reach us<\/h3>\n<p><a href=\"mailto:info&#64;&#122;&#101;i&#115;s&#105;g.de\" title=\"Write an email\" target=\"_blank\" rel=\"noopener\">&#105;&#110;&#102;&#111;&#64;&#122;&#101;&#105;ssi&#103;&#46;de<\/a><br \/>\n<a href=\"tel:+4950416490\">+49 5041 6490<\/a><\/p>\n\n\t\t<\/div>\n\n\t\n<\/div>\n\n\n\n<div id=\"block_3232f2f9e0bb816f103f6a66b7c8ecdf\" class=\"block-googlemap\">\n\t<div class=\"block-googlemap__img-container\">\n\t\t\t\t\t<figure class=\"block-googlemap__img\">\n\t\t\t\t<img loading=\"lazy\" decoding=\"async\" width=\"3500\" height=\"1400\" src=\"https:\/\/zeissig.de\/wp-content\/uploads\/2025\/10\/Zentrale.jpg\" class=\"attachment-full size-full\" alt=\"\" srcset=\"https:\/\/zeissig.de\/wp-content\/uploads\/2025\/10\/Zentrale.jpg 3500w, https:\/\/zeissig.de\/wp-content\/uploads\/2025\/10\/Zentrale-1376x550.jpg 1376w, https:\/\/zeissig.de\/wp-content\/uploads\/2025\/10\/Zentrale-768x307.jpg 768w, https:\/\/zeissig.de\/wp-content\/uploads\/2025\/10\/Zentrale-1536x614.jpg 1536w, https:\/\/zeissig.de\/wp-content\/uploads\/2025\/10\/Zentrale-2048x819.jpg 2048w, https:\/\/zeissig.de\/wp-content\/uploads\/2025\/10\/Zentrale-675x270.jpg 675w\" sizes=\"auto, (max-width: 3500px) 100vw, 3500px\" \/>\t\t\t<\/figure>\n\t\t\n\t\t\t<\/div>\n\n\t<div class=\"block-googlemap__columns\">\n\t\t<div class=\"block-googlemap__column\">\n\t\t\t\t\t\t\t<h2 class=\"block-googlemap__title\">Head Office<\/h2>\n\t\t\t\t\t<\/div>\n\n\t\t\t\t\t<div class=\"block-googlemap__column\">\n\t\t\t\t<div class=\"block-googlemap__columns\">\n\t\t\t\t\t\t\t\t\t\t\t<div class=\"block-googlemap__column wysiwyg\">\n\t\t\t\t\t\t\t<p>Spielburg 33 . OT V\u00f6lksen<br \/>\n31832 Springe . Hanover Germany<br \/>\n<br \/>\n<a href=\"https:\/\/www.google.de\/maps\/dir\/\/Spielburg+33,+31832+Springe\/@52.2148933,9.6354709,17z\/data=!4m8!4m7!1m0!1m5!1m1!1s0x47ba98d7d9f0d57b:0x1651d65e5d22725a!2m2!1d9.6376596!2d52.21489\" target=\"_blank\" rel=\"noopener\">Directions<\/a><\/p>\n\t\n\t\t\t\t\t\t<\/div>\n\t\t\t\t\t\n\t\t\t\t\t\t\t\t\t<\/div>\n\t\t\t<\/div>\n\t\t\t<\/div>\n<\/div>\n\n\n\n<div id=\"block_f6687fa5747ea400ead4443f528e13df\" class=\"block-googlemap\">\n\t<div class=\"block-googlemap__img-container\">\n\t\t\t\t\t<figure class=\"block-googlemap__img\">\n\t\t\t\t<img loading=\"lazy\" decoding=\"async\" width=\"2000\" height=\"800\" src=\"https:\/\/zeissig.de\/wp-content\/uploads\/2019\/10\/zeissig-kontakt-standort-kassel-kassel-01.jpg\" class=\"attachment-full size-full\" alt=\"\" srcset=\"https:\/\/zeissig.de\/wp-content\/uploads\/2019\/10\/zeissig-kontakt-standort-kassel-kassel-01.jpg 2000w, https:\/\/zeissig.de\/wp-content\/uploads\/2019\/10\/zeissig-kontakt-standort-kassel-kassel-01-1376x550.jpg 1376w, https:\/\/zeissig.de\/wp-content\/uploads\/2019\/10\/zeissig-kontakt-standort-kassel-kassel-01-768x307.jpg 768w, https:\/\/zeissig.de\/wp-content\/uploads\/2019\/10\/zeissig-kontakt-standort-kassel-kassel-01-675x270.jpg 675w\" sizes=\"auto, (max-width: 2000px) 100vw, 2000px\" \/>\t\t\t<\/figure>\n\t\t\n\t\t\t<\/div>\n\n\t<div class=\"block-googlemap__columns\">\n\t\t<div class=\"block-googlemap__column\">\n\t\t\t\t\t\t\t<h2 class=\"block-googlemap__title\">Project Office Kassel<\/h2>\n\t\t\t\t\t<\/div>\n\n\t\t\t\t\t<div class=\"block-googlemap__column\">\n\t\t\t\t<div class=\"block-googlemap__columns\">\n\t\t\t\t\t\t\t\t\t\t\t<div class=\"block-googlemap__column wysiwyg\">\n\t\t\t\t\t\t\t<p>Heinrich-Hertz-Stra\u00dfe 11<br \/>\n34123 Kassel . Germany<br \/>\n<br \/>\n<a href=\"https:\/\/www.google.de\/maps\/dir\/\/Heinrich-Hertz-Stra%C3%9Fe+11,+Kassel\/@51.2806018,9.4505786,12z\/data=!4m9!4m8!1m0!1m5!1m1!1s0x47bb476e9ca2e227:0x9d7957fb77ce17a6!2m2!1d9.5206182!2d51.2805153!3e0\" target=\"_blank\" rel=\"noopener\">Directions<\/a><\/p>\n\t\n\t\t\t\t\t\t<\/div>\n\t\t\t\t\t\n\t\t\t\t\t\t\t\t\t<\/div>\n\t\t\t<\/div>\n\t\t\t<\/div>\n<\/div>\n\n\n\n<hr class=\"wp-block-separator has-alpha-channel-opacity\"\/>\n\n\n\n<h2 class=\"wp-block-heading has-text-align-center\">News from ZEISSIG<\/h2>\n\n\n\n\t\t<div id=\"sbi_mod_error\" >\n\t\t\t<span>This error message is only visible to WordPress admins<\/span><br\/>\n\t\t\t<p><strong>Error: No connected account.<\/strong>\n\t\t\t<p>Please go to the Instagram Feed settings page to connect an account.<\/p>\n\t\t<\/div>\n\t\t\n\n\n\n<h1 class=\"wp-block-heading\"><\/h1>\n\n\n\n<div id=\"block_2310791dc4170c34ed7190713b224d99\" class=\"block-calltoaction\">\n\t<div class=\"align-container\">\n\t\t<div class=\"block-calltoaction__text-container\">\n\t\t\t\t\t\t\t<div class=\"block-calltoaction__text\">\n\t\t\t\t\t<p>Get in Touch with Us \u2013 become part of our team!<\/p>\n\t\t\t\t<\/div>\n\t\t\t\n\t\t\t\t\t\t\t\t\t\t\t\t\n\t\t\t\t\t\t<a class=\"block-calltoaction__link\" href=\"https:\/\/zeissig.de\/en\/career\/\" target=\"_blank\">To the careers page<\/a>\n\t\t\t\t\t\t\t\t\t\t\t\t\t\t<\/div>\n\t<\/div>\n<\/div>\n","protected":false},"excerpt":{"rendered":"<p>Sie m\u00f6chten ein Projekt mit uns realisieren? Sie m\u00f6chten f\u00fcr uns arbeiten? Sie haben eine allgemeine Frage zu unseren Leistungen? Unsere Ansprechpartner sind gerne f\u00fcr Sie da.<\/p>\n","protected":false},"author":5,"featured_media":0,"parent":0,"menu_order":29,"comment_status":"closed","ping_status":"closed","template":"","meta":{"_acf_changed":false,"footnotes":""},"class_list":["post-27428","page","type-page","status-publish","hentry"],"acf":[],"yoast_head":"<!-- This site is optimized with the Yoast SEO plugin v27.4 - https:\/\/yoast.com\/product\/yoast-seo-wordpress\/ -->\n<title>Contact - ZEISSIG<\/title>\n<meta name=\"description\" content=\"Sie m\u00f6chten ein Projekt mit uns realisieren? Sie m\u00f6chten f\u00fcr uns arbeiten? Sie haben eine allgemeine Frage zu unseren Leistungen? Unsere Ansprechpartner sind gerne f\u00fcr Sie da.\" \/>\n<meta name=\"robots\" content=\"index, follow, max-snippet:-1, max-image-preview:large, max-video-preview:-1\" \/>\n<link rel=\"canonical\" href=\"https:\/\/zeissig.de\/en\/contact\/\" \/>\n<meta property=\"og:locale\" content=\"en_US\" \/>\n<meta property=\"og:type\" content=\"article\" \/>\n<meta property=\"og:title\" content=\"Contact - ZEISSIG\" \/>\n<meta property=\"og:description\" content=\"Sie m\u00f6chten ein Projekt mit uns realisieren? Sie m\u00f6chten f\u00fcr uns arbeiten? Sie haben eine allgemeine Frage zu unseren Leistungen? Unsere Ansprechpartner sind gerne f\u00fcr Sie da.\" \/>\n<meta property=\"og:url\" content=\"https:\/\/zeissig.de\/en\/contact\/\" \/>\n<meta property=\"og:site_name\" content=\"ZEISSIG\" \/>\n<meta property=\"article:modified_time\" content=\"2025-11-19T08:11:20+00:00\" \/>\n<meta name=\"twitter:card\" content=\"summary_large_image\" \/>\n<script type=\"application\/ld+json\" class=\"yoast-schema-graph\">{\"@context\":\"https:\\\/\\\/schema.org\",\"@graph\":[{\"@type\":\"WebPage\",\"@id\":\"https:\\\/\\\/zeissig.de\\\/en\\\/contact\\\/\",\"url\":\"https:\\\/\\\/zeissig.de\\\/en\\\/contact\\\/\",\"name\":\"Contact - ZEISSIG\",\"isPartOf\":{\"@id\":\"https:\\\/\\\/zeissig.de\\\/en\\\/#website\"},\"datePublished\":\"2025-10-29T11:10:41+00:00\",\"dateModified\":\"2025-11-19T08:11:20+00:00\",\"description\":\"Sie m\u00f6chten ein Projekt mit uns realisieren? Sie m\u00f6chten f\u00fcr uns arbeiten? Sie haben eine allgemeine Frage zu unseren Leistungen? Unsere Ansprechpartner sind gerne f\u00fcr Sie da.\",\"breadcrumb\":{\"@id\":\"https:\\\/\\\/zeissig.de\\\/en\\\/contact\\\/#breadcrumb\"},\"inLanguage\":\"en-US\",\"potentialAction\":[{\"@type\":\"ReadAction\",\"target\":[\"https:\\\/\\\/zeissig.de\\\/en\\\/contact\\\/\"]}]},{\"@type\":\"BreadcrumbList\",\"@id\":\"https:\\\/\\\/zeissig.de\\\/en\\\/contact\\\/#breadcrumb\",\"itemListElement\":[{\"@type\":\"ListItem\",\"position\":1,\"name\":\"Startseite\",\"item\":\"https:\\\/\\\/zeissig.de\\\/en\\\/\"},{\"@type\":\"ListItem\",\"position\":2,\"name\":\"Contact\"}]},{\"@type\":\"WebSite\",\"@id\":\"https:\\\/\\\/zeissig.de\\\/en\\\/#website\",\"url\":\"https:\\\/\\\/zeissig.de\\\/en\\\/\",\"name\":\"ZEISSIG\",\"description\":\"Wir bauen Ihre Marke\",\"publisher\":{\"@id\":\"https:\\\/\\\/zeissig.de\\\/en\\\/#organization\"},\"potentialAction\":[{\"@type\":\"SearchAction\",\"target\":{\"@type\":\"EntryPoint\",\"urlTemplate\":\"https:\\\/\\\/zeissig.de\\\/en\\\/?s={search_term_string}\"},\"query-input\":{\"@type\":\"PropertyValueSpecification\",\"valueRequired\":true,\"valueName\":\"search_term_string\"}}],\"inLanguage\":\"en-US\"},{\"@type\":\"Organization\",\"@id\":\"https:\\\/\\\/zeissig.de\\\/en\\\/#organization\",\"name\":\"Zeissig GmbH & Co.KG\",\"url\":\"https:\\\/\\\/zeissig.de\\\/en\\\/\",\"logo\":{\"@type\":\"ImageObject\",\"inLanguage\":\"en-US\",\"@id\":\"https:\\\/\\\/zeissig.de\\\/en\\\/#\\\/schema\\\/logo\\\/image\\\/\",\"url\":\"https:\\\/\\\/zeissig.de\\\/wp-content\\\/uploads\\\/2019\\\/03\\\/zeissig-logo.svg\",\"contentUrl\":\"https:\\\/\\\/zeissig.de\\\/wp-content\\\/uploads\\\/2019\\\/03\\\/zeissig-logo.svg\",\"width\":1,\"height\":1,\"caption\":\"Zeissig GmbH & Co.KG\"},\"image\":{\"@id\":\"https:\\\/\\\/zeissig.de\\\/en\\\/#\\\/schema\\\/logo\\\/image\\\/\"}}]}<\/script>\n<!-- \/ Yoast SEO plugin. -->","yoast_head_json":{"title":"Contact - ZEISSIG","description":"Sie m\u00f6chten ein Projekt mit uns realisieren? Sie m\u00f6chten f\u00fcr uns arbeiten? Sie haben eine allgemeine Frage zu unseren Leistungen? Unsere Ansprechpartner sind gerne f\u00fcr Sie da.","robots":{"index":"index","follow":"follow","max-snippet":"max-snippet:-1","max-image-preview":"max-image-preview:large","max-video-preview":"max-video-preview:-1"},"canonical":"https:\/\/zeissig.de\/en\/contact\/","og_locale":"en_US","og_type":"article","og_title":"Contact - ZEISSIG","og_description":"Sie m\u00f6chten ein Projekt mit uns realisieren? Sie m\u00f6chten f\u00fcr uns arbeiten? Sie haben eine allgemeine Frage zu unseren Leistungen? Unsere Ansprechpartner sind gerne f\u00fcr Sie da.","og_url":"https:\/\/zeissig.de\/en\/contact\/","og_site_name":"ZEISSIG","article_modified_time":"2025-11-19T08:11:20+00:00","twitter_card":"summary_large_image","schema":{"@context":"https:\/\/schema.org","@graph":[{"@type":"WebPage","@id":"https:\/\/zeissig.de\/en\/contact\/","url":"https:\/\/zeissig.de\/en\/contact\/","name":"Contact - ZEISSIG","isPartOf":{"@id":"https:\/\/zeissig.de\/en\/#website"},"datePublished":"2025-10-29T11:10:41+00:00","dateModified":"2025-11-19T08:11:20+00:00","description":"Sie m\u00f6chten ein Projekt mit uns realisieren? Sie m\u00f6chten f\u00fcr uns arbeiten? Sie haben eine allgemeine Frage zu unseren Leistungen? Unsere Ansprechpartner sind gerne f\u00fcr Sie da.","breadcrumb":{"@id":"https:\/\/zeissig.de\/en\/contact\/#breadcrumb"},"inLanguage":"en-US","potentialAction":[{"@type":"ReadAction","target":["https:\/\/zeissig.de\/en\/contact\/"]}]},{"@type":"BreadcrumbList","@id":"https:\/\/zeissig.de\/en\/contact\/#breadcrumb","itemListElement":[{"@type":"ListItem","position":1,"name":"Startseite","item":"https:\/\/zeissig.de\/en\/"},{"@type":"ListItem","position":2,"name":"Contact"}]},{"@type":"WebSite","@id":"https:\/\/zeissig.de\/en\/#website","url":"https:\/\/zeissig.de\/en\/","name":"ZEISSIG","description":"Wir bauen Ihre Marke","publisher":{"@id":"https:\/\/zeissig.de\/en\/#organization"},"potentialAction":[{"@type":"SearchAction","target":{"@type":"EntryPoint","urlTemplate":"https:\/\/zeissig.de\/en\/?s={search_term_string}"},"query-input":{"@type":"PropertyValueSpecification","valueRequired":true,"valueName":"search_term_string"}}],"inLanguage":"en-US"},{"@type":"Organization","@id":"https:\/\/zeissig.de\/en\/#organization","name":"Zeissig GmbH & Co.KG","url":"https:\/\/zeissig.de\/en\/","logo":{"@type":"ImageObject","inLanguage":"en-US","@id":"https:\/\/zeissig.de\/en\/#\/schema\/logo\/image\/","url":"https:\/\/zeissig.de\/wp-content\/uploads\/2019\/03\/zeissig-logo.svg","contentUrl":"https:\/\/zeissig.de\/wp-content\/uploads\/2019\/03\/zeissig-logo.svg","width":1,"height":1,"caption":"Zeissig GmbH & Co.KG"},"image":{"@id":"https:\/\/zeissig.de\/en\/#\/schema\/logo\/image\/"}}]}},"_links":{"self":[{"href":"https:\/\/zeissig.de\/en\/wp-json\/wp\/v2\/pages\/27428","targetHints":{"allow":["GET"]}}],"collection":[{"href":"https:\/\/zeissig.de\/en\/wp-json\/wp\/v2\/pages"}],"about":[{"href":"https:\/\/zeissig.de\/en\/wp-json\/wp\/v2\/types\/page"}],"author":[{"embeddable":true,"href":"https:\/\/zeissig.de\/en\/wp-json\/wp\/v2\/users\/5"}],"replies":[{"embeddable":true,"href":"https:\/\/zeissig.de\/en\/wp-json\/wp\/v2\/comments?post=27428"}],"version-history":[{"count":3,"href":"https:\/\/zeissig.de\/en\/wp-json\/wp\/v2\/pages\/27428\/revisions"}],"predecessor-version":[{"id":27441,"href":"https:\/\/zeissig.de\/en\/wp-json\/wp\/v2\/pages\/27428\/revisions\/27441"}],"wp:attachment":[{"href":"https:\/\/zeissig.de\/en\/wp-json\/wp\/v2\/media?parent=27428"}],"curies":[{"name":"wp","href":"https:\/\/api.w.org\/{rel}","templated":true}]}}