{"id":26814,"date":"2025-09-03T14:23:21","date_gmt":"2025-09-03T12:23:21","guid":{"rendered":"https:\/\/zeissig.de\/?page_id=26814"},"modified":"2025-10-07T16:06:56","modified_gmt":"2025-10-07T14:06:56","slug":"sustainability","status":"publish","type":"page","link":"https:\/\/zeissig.de\/en\/sustainability\/","title":{"rendered":"Sustainability"},"content":{"rendered":"\n<div id=\"block_2afe076b3868ec32f35693ec6f2d9414\" class=\"block-pageintro\">\n\n\t\n\t\t<h1 class=\"block-pageintro__title\">Sustainability. <br> Part of our daily practice at ZEISSIG.<\/h1>\n\n\t\n\t\n\t\n\t\t<div class=\"block-pageintro__text\">\n\n\t\t\t<p>At ZEISSIG, values meet craftsmanship: sustainability has been part of our daily practice for decades. CO\u2082 reduction, energy efficiency, recycling and social responsibility \u2014 as a family-owned company, we commit to acting in ways that have an impact beyond the day. For our customers. For our employees. And for our environment. Sustainability is not a finished state, but a process \u2014 constant rethinking, learning and optimisation. We are currently refurbishing and extending our central office building with a focus on sustainability and modern workplaces.<\/p>\n\n\t\t<\/div>\n\n\t\n<\/div>\n\n\n\n<div id=\"block_6fa02cbd40f018d69f4c6eba4552652d\" class=\"block-img-2columns\">\n\t\t\t\t\t\t<figure class=\"block-img-2columns__img\">\n\t\t\t\t<img loading=\"lazy\" decoding=\"async\" width=\"2000\" height=\"800\" src=\"https:\/\/zeissig.de\/wp-content\/uploads\/2025\/07\/Zeissig_Moderne-Energieeffizienz.jpg\" class=\"attachment-full size-full\" alt=\"\" srcset=\"https:\/\/zeissig.de\/wp-content\/uploads\/2025\/07\/Zeissig_Moderne-Energieeffizienz.jpg 2000w, https:\/\/zeissig.de\/wp-content\/uploads\/2025\/07\/Zeissig_Moderne-Energieeffizienz-1376x550.jpg 1376w, https:\/\/zeissig.de\/wp-content\/uploads\/2025\/07\/Zeissig_Moderne-Energieeffizienz-768x307.jpg 768w, https:\/\/zeissig.de\/wp-content\/uploads\/2025\/07\/Zeissig_Moderne-Energieeffizienz-1536x614.jpg 1536w, https:\/\/zeissig.de\/wp-content\/uploads\/2025\/07\/Zeissig_Moderne-Energieeffizienz-675x270.jpg 675w\" sizes=\"auto, (max-width: 2000px) 100vw, 2000px\" \/>\t\t\t<\/figure>\n\t\t\t\n\t<div class=\"block-img-2columns__columns\">\n\t\t<div class=\"block-img-2columns__column\">\n\t\t\t\t\t\t\t<h2 class=\"block-img-2columns__title\">Technology &#038; machinery.<br>Modern energy efficiency.<\/h2>\n\t\t\t\t\t<\/div>\n\n\t\t<div class=\"block-img-2columns__column\">\n\t\t\t\t\t\t\t<div class=\"wysiwyg\">\n\t\t\t\t\t<p>By using our photovoltaic system and energetically utilising wood offcuts in our combined heating, extraction and heat-recovery system, we do not use any fossil energy sources at all. We continuously modernise our machinery for maximum energy efficiency in modern production processes.<\/p>\n\t\t\t\t<\/div>\n\t\t\t\t\t\t\n\t\t\t\t\t<\/div>\n\t<\/div>\n<\/div>\n\n\n\n<div id=\"block_a9d890e1575f4338c9bccb3320d0241e\" class=\"block-img-2columns\">\n\t\t\t\t\t\t<figure class=\"block-img-2columns__img\">\n\t\t\t\t<img loading=\"lazy\" decoding=\"async\" width=\"2000\" height=\"800\" src=\"https:\/\/zeissig.de\/wp-content\/uploads\/2025\/07\/Zeissig_Modular-und-wiederverwendbar_Neu.jpg\" class=\"attachment-full size-full\" alt=\"\" srcset=\"https:\/\/zeissig.de\/wp-content\/uploads\/2025\/07\/Zeissig_Modular-und-wiederverwendbar_Neu.jpg 2000w, https:\/\/zeissig.de\/wp-content\/uploads\/2025\/07\/Zeissig_Modular-und-wiederverwendbar_Neu-1376x550.jpg 1376w, https:\/\/zeissig.de\/wp-content\/uploads\/2025\/07\/Zeissig_Modular-und-wiederverwendbar_Neu-768x307.jpg 768w, https:\/\/zeissig.de\/wp-content\/uploads\/2025\/07\/Zeissig_Modular-und-wiederverwendbar_Neu-1536x614.jpg 1536w, https:\/\/zeissig.de\/wp-content\/uploads\/2025\/07\/Zeissig_Modular-und-wiederverwendbar_Neu-675x270.jpg 675w\" sizes=\"auto, (max-width: 2000px) 100vw, 2000px\" \/>\t\t\t<\/figure>\n\t\t\t\n\t<div class=\"block-img-2columns__columns\">\n\t\t<div class=\"block-img-2columns__column\">\n\t\t\t\t\t\t\t<h2 class=\"block-img-2columns__title\">Trade fair construction &#038; shop fitting.<br>Modular and reusable.<\/h2>\n\t\t\t\t\t<\/div>\n\n\t\t<div class=\"block-img-2columns__column\">\n\t\t\t\t\t\t\t<div class=\"wysiwyg\">\n\t\t\t\t\t<p>In trade fair construction, we rely on modular systems that can be flexibly adapted and reused many times. This conserves resources and reduces waste. All shop fitting projects are planned, engineered and built in-house at our V\u00f6lksen site (\u201eMade in Germany\u201c) \u2014 ensuring outstanding quality and durability.<\/p>\n\t\t\t\t<\/div>\n\t\t\t\t\t\t\n\t\t\t\t\t<\/div>\n\t<\/div>\n<\/div>\n\n\n\n<div id=\"block_e4c86e3ce65b0a428ee65f3c7d1e642a\" class=\"block-img-2columns\">\n\t\t\t\t\t\t<figure class=\"block-img-2columns__img\">\n\t\t\t\t<img loading=\"lazy\" decoding=\"async\" width=\"2000\" height=\"800\" src=\"https:\/\/zeissig.de\/wp-content\/uploads\/2025\/07\/Zeissig_Kurze-Wege-in-unserer-Region.jpg\" class=\"attachment-full size-full\" alt=\"\" srcset=\"https:\/\/zeissig.de\/wp-content\/uploads\/2025\/07\/Zeissig_Kurze-Wege-in-unserer-Region.jpg 2000w, https:\/\/zeissig.de\/wp-content\/uploads\/2025\/07\/Zeissig_Kurze-Wege-in-unserer-Region-1376x550.jpg 1376w, https:\/\/zeissig.de\/wp-content\/uploads\/2025\/07\/Zeissig_Kurze-Wege-in-unserer-Region-768x307.jpg 768w, https:\/\/zeissig.de\/wp-content\/uploads\/2025\/07\/Zeissig_Kurze-Wege-in-unserer-Region-1536x614.jpg 1536w, https:\/\/zeissig.de\/wp-content\/uploads\/2025\/07\/Zeissig_Kurze-Wege-in-unserer-Region-675x270.jpg 675w\" sizes=\"auto, (max-width: 2000px) 100vw, 2000px\" \/>\t\t\t<\/figure>\n\t\t\t\n\t<div class=\"block-img-2columns__columns\">\n\t\t<div class=\"block-img-2columns__column\">\n\t\t\t\t\t\t\t<h2 class=\"block-img-2columns__title\">Storage &#038; suppliers.<br>Short routes within our region.<\/h2>\n\t\t\t\t\t<\/div>\n\n\t\t<div class=\"block-img-2columns__column\">\n\t\t\t\t\t\t\t<div class=\"wysiwyg\">\n\t\t\t\t\t<p>Our warehouse logistics follow a clear goal: efficiency \u2014 right here at ZEISSIG. That means short routes, optimised warehouse space and systems, and smart processes. In selecting our suppliers, we focus on quality, reliability and regional proximity. We use sustainable materials and reusable packaging. We are also putting transport on a sustainable footing by gradually transitioning our fleet to electric vehicles.<\/p>\n\t\t\t\t<\/div>\n\t\t\t\t\t\t\n\t\t\t\t\t<\/div>\n\t<\/div>\n<\/div>\n\n\n\n<div id=\"block_f43ab9045572bfd4290f657ffb4af8d8\" class=\"block-img-2columns\">\n\t\t\t\t\t\t<figure class=\"block-img-2columns__img\">\n\t\t\t\t<img loading=\"lazy\" decoding=\"async\" width=\"2000\" height=\"800\" src=\"https:\/\/zeissig.de\/wp-content\/uploads\/2025\/07\/Zeissig_Zukunft-gestalten.jpg\" class=\"attachment-full size-full\" alt=\"\" srcset=\"https:\/\/zeissig.de\/wp-content\/uploads\/2025\/07\/Zeissig_Zukunft-gestalten.jpg 2000w, https:\/\/zeissig.de\/wp-content\/uploads\/2025\/07\/Zeissig_Zukunft-gestalten-1376x550.jpg 1376w, https:\/\/zeissig.de\/wp-content\/uploads\/2025\/07\/Zeissig_Zukunft-gestalten-768x307.jpg 768w, https:\/\/zeissig.de\/wp-content\/uploads\/2025\/07\/Zeissig_Zukunft-gestalten-1536x614.jpg 1536w, https:\/\/zeissig.de\/wp-content\/uploads\/2025\/07\/Zeissig_Zukunft-gestalten-675x270.jpg 675w\" sizes=\"auto, (max-width: 2000px) 100vw, 2000px\" \/>\t\t\t<\/figure>\n\t\t\t\n\t<div class=\"block-img-2columns__columns\">\n\t\t<div class=\"block-img-2columns__column\">\n\t\t\t\t\t\t\t<h2 class=\"block-img-2columns__title\">Community &#038; civic engagement.<br>Shaping the future.<\/h2>\n\t\t\t\t\t<\/div>\n\n\t\t<div class=\"block-img-2columns__column\">\n\t\t\t\t\t\t\t<div class=\"wysiwyg\">\n\t\t\t\t\t<p>Beyond our own business, our engagement includes regional and supra-regional sponsorship for sports clubs, support for social initiatives, and regular participation in the Future Day for children and young people. Together with other companies in the industry, the FAMAB Foundation was established to promote socio-ecological projects.<\/p>\n\t\t\t\t<\/div>\n\t\t\t\t\t\t\n\t\t\t\t\t<\/div>\n\t<\/div>\n<\/div>\n\n\n\n<div id=\"block_a80d77c0bb98b94c86f2de06a8b0fc94\" class=\"block-img-2columns\">\n\t\t\t\t\t\t<figure class=\"block-img-2columns__img\">\n\t\t\t\t<img loading=\"lazy\" decoding=\"async\" width=\"2000\" height=\"800\" src=\"https:\/\/zeissig.de\/wp-content\/uploads\/2025\/07\/Zeissig_Gemeinsam-mit-den-Menschen.jpg\" class=\"attachment-full size-full\" alt=\"\" srcset=\"https:\/\/zeissig.de\/wp-content\/uploads\/2025\/07\/Zeissig_Gemeinsam-mit-den-Menschen.jpg 2000w, https:\/\/zeissig.de\/wp-content\/uploads\/2025\/07\/Zeissig_Gemeinsam-mit-den-Menschen-1376x550.jpg 1376w, https:\/\/zeissig.de\/wp-content\/uploads\/2025\/07\/Zeissig_Gemeinsam-mit-den-Menschen-768x307.jpg 768w, https:\/\/zeissig.de\/wp-content\/uploads\/2025\/07\/Zeissig_Gemeinsam-mit-den-Menschen-1536x614.jpg 1536w, https:\/\/zeissig.de\/wp-content\/uploads\/2025\/07\/Zeissig_Gemeinsam-mit-den-Menschen-675x270.jpg 675w\" sizes=\"auto, (max-width: 2000px) 100vw, 2000px\" \/>\t\t\t<\/figure>\n\t\t\t\n\t<div class=\"block-img-2columns__columns\">\n\t\t<div class=\"block-img-2columns__column\">\n\t\t\t\t\t\t\t<h2 class=\"block-img-2columns__title\">Responsible employer.<br>Together with the people.<\/h2>\n\t\t\t\t\t<\/div>\n\n\t\t<div class=\"block-img-2columns__column\">\n\t\t\t\t\t\t\t<div class=\"wysiwyg\">\n\t\t\t\t\t<p>ZEISSIG is a family- and owner-managed company with a clear commitment to our responsibility towards our employees. As a training company, we systematically develop skilled workers and support them in their further professional development. Our working culture is based on mutual respect and appreciative collaboration. The company\u2019s own \u201cCentral Park\u201d serves as a place for breaks, exchange and creative work.<\/p>\n\t\t\t\t<\/div>\n\t\t\t\t\t\t\n\t\t\t\t\t<\/div>\n\t<\/div>\n<\/div>\n\n\n\n<div id=\"block_75f73e5e40c442014f5b84f4de9730c6\" class=\"block-img-2columns\">\n\t\t\t\t\t\t<figure class=\"block-img-2columns__img\">\n\t\t\t\t<img loading=\"lazy\" decoding=\"async\" width=\"2000\" height=\"800\" src=\"https:\/\/zeissig.de\/wp-content\/uploads\/2025\/07\/Zeissig_Nachhaltige-Kooperationen-\u2013-weltweit.jpg\" class=\"attachment-full size-full\" alt=\"\" srcset=\"https:\/\/zeissig.de\/wp-content\/uploads\/2025\/07\/Zeissig_Nachhaltige-Kooperationen-\u2013-weltweit.jpg 2000w, https:\/\/zeissig.de\/wp-content\/uploads\/2025\/07\/Zeissig_Nachhaltige-Kooperationen-\u2013-weltweit-1376x550.jpg 1376w, https:\/\/zeissig.de\/wp-content\/uploads\/2025\/07\/Zeissig_Nachhaltige-Kooperationen-\u2013-weltweit-768x307.jpg 768w, https:\/\/zeissig.de\/wp-content\/uploads\/2025\/07\/Zeissig_Nachhaltige-Kooperationen-\u2013-weltweit-1536x614.jpg 1536w, https:\/\/zeissig.de\/wp-content\/uploads\/2025\/07\/Zeissig_Nachhaltige-Kooperationen-\u2013-weltweit-675x270.jpg 675w\" sizes=\"auto, (max-width: 2000px) 100vw, 2000px\" \/>\t\t\t<\/figure>\n\t\t\t\n\t<div class=\"block-img-2columns__columns\">\n\t\t<div class=\"block-img-2columns__column\">\n\t\t\t\t\t\t\t<h2 class=\"block-img-2columns__title\">Industry &#038; network.<br>Sustainable cooperation \u2014 worldwide.<\/h2>\n\t\t\t\t\t<\/div>\n\n\t\t<div class=\"block-img-2columns__column\">\n\t\t\t\t\t\t\t<div class=\"wysiwyg\">\n\t\t\t\t\t<p>ZEISSIG is actively involved in industry-wide sustainability initiatives and associations. We are particularly proud of our long-standing memberships in the OSPI and IFES networks \u2014 global alliances of selected trade-fair service providers. For almost 40 years, our customers have benefited from this strong international network. For projects abroad, we work with local partners who produce and assemble to our standards. This saves time, transport routes and emissions \u2014 enabling trade fair construction worldwide with a regional footprint.<\/p>\n\t\t\t\t<\/div>\n\t\t\t\t\t\t\n\t\t\t\t\t<\/div>\n\t<\/div>\n<\/div>\n\n\n\n<div class=\"wp-block-columns is-layout-flex wp-container-core-columns-is-layout-9d6595d7 wp-block-columns-is-layout-flex\">\n<div class=\"wp-block-column is-layout-flow wp-block-column-is-layout-flow\" style=\"flex-basis:100%\"><\/div>\n<\/div>\n","protected":false},"excerpt":{"rendered":"<p>Mit uns werden R\u00e4ume, Produkte und Einkaufen zum Erlebnis. Die hochwertige Realisierung von Shops und anderen station\u00e4ren Markenwelten tragen ma\u00dfgeblich zu einer angenehmen Atmosph\u00e4re bei und erh\u00f6hen Verweildauer und Verkaufserfolg. Unsere Spezialisten f\u00fcr Ladenbau und Innenausbau kennen die Anforderungen und beraten mit der Erfahrung von vielen erfolgreich umgesetzten Projekten. Das Ergebnis sind individuelle, hochwertige und zeitlose L\u00f6sungen, die sich nahtlos in vorhandene R\u00e4ume einf\u00fcgen.<\/p>\n","protected":false},"author":2,"featured_media":0,"parent":0,"menu_order":9,"comment_status":"closed","ping_status":"closed","template":"","meta":{"_acf_changed":false,"footnotes":""},"class_list":["post-26814","page","type-page","status-publish","hentry"],"acf":[],"yoast_head":"<!-- This site is optimized with the Yoast SEO plugin v27.1.1 - https:\/\/yoast.com\/product\/yoast-seo-wordpress\/ -->\n<title>Sustainability - ZEISSIG<\/title>\n<meta name=\"description\" content=\"Mit uns werden R\u00e4ume, Produkte und Einkaufen zum Erlebnis. Die hochwertige Realisierung von Shops und anderen station\u00e4ren Markenwelten tragen ma\u00dfgeblich zu einer angenehmen Atmosph\u00e4re bei und erh\u00f6hen Verweildauer und Verkaufserfolg. Unsere Spezialisten f\u00fcr Ladenbau und Innenausbau kennen die Anforderungen und beraten mit der Erfahrung von vielen erfolgreich umgesetzten Projekten. Das Ergebnis sind individuelle, hochwertige und zeitlose L\u00f6sungen, die sich nahtlos in vorhandene R\u00e4ume einf\u00fcgen.\" \/>\n<meta name=\"robots\" content=\"noindex, follow\" \/>\n<meta property=\"og:locale\" content=\"en_US\" \/>\n<meta property=\"og:type\" content=\"article\" \/>\n<meta property=\"og:title\" content=\"Sustainability - ZEISSIG\" \/>\n<meta property=\"og:description\" content=\"Mit uns werden R\u00e4ume, Produkte und Einkaufen zum Erlebnis. Die hochwertige Realisierung von Shops und anderen station\u00e4ren Markenwelten tragen ma\u00dfgeblich zu einer angenehmen Atmosph\u00e4re bei und erh\u00f6hen Verweildauer und Verkaufserfolg. Unsere Spezialisten f\u00fcr Ladenbau und Innenausbau kennen die Anforderungen und beraten mit der Erfahrung von vielen erfolgreich umgesetzten Projekten. Das Ergebnis sind individuelle, hochwertige und zeitlose L\u00f6sungen, die sich nahtlos in vorhandene R\u00e4ume einf\u00fcgen.\" \/>\n<meta property=\"og:url\" content=\"https:\/\/zeissig.de\/en\/sustainability\/\" \/>\n<meta property=\"og:site_name\" content=\"ZEISSIG\" \/>\n<meta property=\"article:modified_time\" content=\"2025-10-07T14:06:56+00:00\" \/>\n<meta name=\"twitter:card\" content=\"summary_large_image\" \/>\n<script type=\"application\/ld+json\" class=\"yoast-schema-graph\">{\"@context\":\"https:\/\/schema.org\",\"@graph\":[{\"@type\":\"WebPage\",\"@id\":\"https:\/\/zeissig.de\/en\/sustainability\/\",\"url\":\"https:\/\/zeissig.de\/en\/sustainability\/\",\"name\":\"Sustainability - ZEISSIG\",\"isPartOf\":{\"@id\":\"https:\/\/zeissig.de\/en\/#website\"},\"datePublished\":\"2025-09-03T12:23:21+00:00\",\"dateModified\":\"2025-10-07T14:06:56+00:00\",\"description\":\"Mit uns werden R\u00e4ume, Produkte und Einkaufen zum Erlebnis. Die hochwertige Realisierung von Shops und anderen station\u00e4ren Markenwelten tragen ma\u00dfgeblich zu einer angenehmen Atmosph\u00e4re bei und erh\u00f6hen Verweildauer und Verkaufserfolg. Unsere Spezialisten f\u00fcr Ladenbau und Innenausbau kennen die Anforderungen und beraten mit der Erfahrung von vielen erfolgreich umgesetzten Projekten. Das Ergebnis sind individuelle, hochwertige und zeitlose L\u00f6sungen, die sich nahtlos in vorhandene R\u00e4ume einf\u00fcgen.\",\"breadcrumb\":{\"@id\":\"https:\/\/zeissig.de\/en\/sustainability\/#breadcrumb\"},\"inLanguage\":\"en-US\",\"potentialAction\":[{\"@type\":\"ReadAction\",\"target\":[\"https:\/\/zeissig.de\/en\/sustainability\/\"]}]},{\"@type\":\"BreadcrumbList\",\"@id\":\"https:\/\/zeissig.de\/en\/sustainability\/#breadcrumb\",\"itemListElement\":[{\"@type\":\"ListItem\",\"position\":1,\"name\":\"Startseite\",\"item\":\"https:\/\/zeissig.de\/en\/\"},{\"@type\":\"ListItem\",\"position\":2,\"name\":\"Sustainability\"}]},{\"@type\":\"WebSite\",\"@id\":\"https:\/\/zeissig.de\/en\/#website\",\"url\":\"https:\/\/zeissig.de\/en\/\",\"name\":\"ZEISSIG\",\"description\":\"Wir bauen Ihre Marke\",\"publisher\":{\"@id\":\"https:\/\/zeissig.de\/en\/#organization\"},\"potentialAction\":[{\"@type\":\"SearchAction\",\"target\":{\"@type\":\"EntryPoint\",\"urlTemplate\":\"https:\/\/zeissig.de\/en\/?s={search_term_string}\"},\"query-input\":{\"@type\":\"PropertyValueSpecification\",\"valueRequired\":true,\"valueName\":\"search_term_string\"}}],\"inLanguage\":\"en-US\"},{\"@type\":\"Organization\",\"@id\":\"https:\/\/zeissig.de\/en\/#organization\",\"name\":\"Zeissig GmbH & Co.KG\",\"url\":\"https:\/\/zeissig.de\/en\/\",\"logo\":{\"@type\":\"ImageObject\",\"inLanguage\":\"en-US\",\"@id\":\"https:\/\/zeissig.de\/en\/#\/schema\/logo\/image\/\",\"url\":\"https:\/\/zeissig.de\/wp-content\/uploads\/2019\/03\/zeissig-logo.svg\",\"contentUrl\":\"https:\/\/zeissig.de\/wp-content\/uploads\/2019\/03\/zeissig-logo.svg\",\"width\":1,\"height\":1,\"caption\":\"Zeissig GmbH & Co.KG\"},\"image\":{\"@id\":\"https:\/\/zeissig.de\/en\/#\/schema\/logo\/image\/\"}}]}<\/script>\n<!-- \/ Yoast SEO plugin. -->","yoast_head_json":{"title":"Sustainability - ZEISSIG","description":"Mit uns werden R\u00e4ume, Produkte und Einkaufen zum Erlebnis. Die hochwertige Realisierung von Shops und anderen station\u00e4ren Markenwelten tragen ma\u00dfgeblich zu einer angenehmen Atmosph\u00e4re bei und erh\u00f6hen Verweildauer und Verkaufserfolg. Unsere Spezialisten f\u00fcr Ladenbau und Innenausbau kennen die Anforderungen und beraten mit der Erfahrung von vielen erfolgreich umgesetzten Projekten. Das Ergebnis sind individuelle, hochwertige und zeitlose L\u00f6sungen, die sich nahtlos in vorhandene R\u00e4ume einf\u00fcgen.","robots":{"index":"noindex","follow":"follow"},"og_locale":"en_US","og_type":"article","og_title":"Sustainability - ZEISSIG","og_description":"Mit uns werden R\u00e4ume, Produkte und Einkaufen zum Erlebnis. Die hochwertige Realisierung von Shops und anderen station\u00e4ren Markenwelten tragen ma\u00dfgeblich zu einer angenehmen Atmosph\u00e4re bei und erh\u00f6hen Verweildauer und Verkaufserfolg. Unsere Spezialisten f\u00fcr Ladenbau und Innenausbau kennen die Anforderungen und beraten mit der Erfahrung von vielen erfolgreich umgesetzten Projekten. Das Ergebnis sind individuelle, hochwertige und zeitlose L\u00f6sungen, die sich nahtlos in vorhandene R\u00e4ume einf\u00fcgen.","og_url":"https:\/\/zeissig.de\/en\/sustainability\/","og_site_name":"ZEISSIG","article_modified_time":"2025-10-07T14:06:56+00:00","twitter_card":"summary_large_image","schema":{"@context":"https:\/\/schema.org","@graph":[{"@type":"WebPage","@id":"https:\/\/zeissig.de\/en\/sustainability\/","url":"https:\/\/zeissig.de\/en\/sustainability\/","name":"Sustainability - ZEISSIG","isPartOf":{"@id":"https:\/\/zeissig.de\/en\/#website"},"datePublished":"2025-09-03T12:23:21+00:00","dateModified":"2025-10-07T14:06:56+00:00","description":"Mit uns werden R\u00e4ume, Produkte und Einkaufen zum Erlebnis. Die hochwertige Realisierung von Shops und anderen station\u00e4ren Markenwelten tragen ma\u00dfgeblich zu einer angenehmen Atmosph\u00e4re bei und erh\u00f6hen Verweildauer und Verkaufserfolg. Unsere Spezialisten f\u00fcr Ladenbau und Innenausbau kennen die Anforderungen und beraten mit der Erfahrung von vielen erfolgreich umgesetzten Projekten. Das Ergebnis sind individuelle, hochwertige und zeitlose L\u00f6sungen, die sich nahtlos in vorhandene R\u00e4ume einf\u00fcgen.","breadcrumb":{"@id":"https:\/\/zeissig.de\/en\/sustainability\/#breadcrumb"},"inLanguage":"en-US","potentialAction":[{"@type":"ReadAction","target":["https:\/\/zeissig.de\/en\/sustainability\/"]}]},{"@type":"BreadcrumbList","@id":"https:\/\/zeissig.de\/en\/sustainability\/#breadcrumb","itemListElement":[{"@type":"ListItem","position":1,"name":"Startseite","item":"https:\/\/zeissig.de\/en\/"},{"@type":"ListItem","position":2,"name":"Sustainability"}]},{"@type":"WebSite","@id":"https:\/\/zeissig.de\/en\/#website","url":"https:\/\/zeissig.de\/en\/","name":"ZEISSIG","description":"Wir bauen Ihre Marke","publisher":{"@id":"https:\/\/zeissig.de\/en\/#organization"},"potentialAction":[{"@type":"SearchAction","target":{"@type":"EntryPoint","urlTemplate":"https:\/\/zeissig.de\/en\/?s={search_term_string}"},"query-input":{"@type":"PropertyValueSpecification","valueRequired":true,"valueName":"search_term_string"}}],"inLanguage":"en-US"},{"@type":"Organization","@id":"https:\/\/zeissig.de\/en\/#organization","name":"Zeissig GmbH & Co.KG","url":"https:\/\/zeissig.de\/en\/","logo":{"@type":"ImageObject","inLanguage":"en-US","@id":"https:\/\/zeissig.de\/en\/#\/schema\/logo\/image\/","url":"https:\/\/zeissig.de\/wp-content\/uploads\/2019\/03\/zeissig-logo.svg","contentUrl":"https:\/\/zeissig.de\/wp-content\/uploads\/2019\/03\/zeissig-logo.svg","width":1,"height":1,"caption":"Zeissig GmbH & Co.KG"},"image":{"@id":"https:\/\/zeissig.de\/en\/#\/schema\/logo\/image\/"}}]}},"_links":{"self":[{"href":"https:\/\/zeissig.de\/en\/wp-json\/wp\/v2\/pages\/26814","targetHints":{"allow":["GET"]}}],"collection":[{"href":"https:\/\/zeissig.de\/en\/wp-json\/wp\/v2\/pages"}],"about":[{"href":"https:\/\/zeissig.de\/en\/wp-json\/wp\/v2\/types\/page"}],"author":[{"embeddable":true,"href":"https:\/\/zeissig.de\/en\/wp-json\/wp\/v2\/users\/2"}],"replies":[{"embeddable":true,"href":"https:\/\/zeissig.de\/en\/wp-json\/wp\/v2\/comments?post=26814"}],"version-history":[{"count":3,"href":"https:\/\/zeissig.de\/en\/wp-json\/wp\/v2\/pages\/26814\/revisions"}],"predecessor-version":[{"id":27115,"href":"https:\/\/zeissig.de\/en\/wp-json\/wp\/v2\/pages\/26814\/revisions\/27115"}],"wp:attachment":[{"href":"https:\/\/zeissig.de\/en\/wp-json\/wp\/v2\/media?parent=26814"}],"curies":[{"name":"wp","href":"https:\/\/api.w.org\/{rel}","templated":true}]}}